{"id":1638,"date":"2025-03-05T20:27:00","date_gmt":"2025-03-05T20:27:00","guid":{"rendered":"https:\/\/alienskaab.com\/?page_id=1638"},"modified":"2025-05-08T21:52:10","modified_gmt":"2025-05-08T21:52:10","slug":"blog-ak","status":"publish","type":"page","link":"https:\/\/alienskaab.com\/index.php\/blog-ak\/","title":{"rendered":"BLOG"},"content":{"rendered":"\t\t<div data-elementor-type=\"wp-page\" data-elementor-id=\"1638\" class=\"elementor elementor-1638\" data-elementor-settings=\"{&quot;ha_cmc_init_switcher&quot;:&quot;no&quot;}\">\n\t\t\t\t<div class=\"elementor-element elementor-element-c366e48 e-con-full e-flex elementor-invisible e-con e-parent\" data-id=\"c366e48\" data-element_type=\"container\" data-e-type=\"container\" data-settings=\"{&quot;animation&quot;:&quot;fadeIn&quot;,&quot;_ha_eqh_enable&quot;:false}\">\n\t\t\t\t<div class=\"elementor-element elementor-element-a7cc91b elementor-widget elementor-widget-heading\" data-id=\"a7cc91b\" data-element_type=\"widget\" data-e-type=\"widget\" data-widget_type=\"heading.default\">\n\t\t\t\t<div class=\"elementor-widget-container\">\n\t\t\t\t\t<h6 class=\"elementor-heading-title elementor-size-default\"><br><br>D\u00c9JATE ABDUCIR Y AMPLIA TUS CONOCIMIENTOS<\/h6>\t\t\t\t<\/div>\n\t\t\t\t<\/div>\n\t\t\t\t<\/div>\n\t\t<div class=\"elementor-element elementor-element-c784bc2 e-flex e-con-boxed e-con e-parent\" data-id=\"c784bc2\" data-element_type=\"container\" data-e-type=\"container\" data-settings=\"{&quot;_ha_eqh_enable&quot;:false}\">\n\t\t\t\t\t<div class=\"e-con-inner\">\n\t\t\t\t<div class=\"elementor-element elementor-element-de8d2ba elementor-widget-divider--view-line_icon elementor-view-default elementor-widget-divider--element-align-center elementor-widget elementor-widget-divider\" data-id=\"de8d2ba\" data-element_type=\"widget\" data-e-type=\"widget\" data-widget_type=\"divider.default\">\n\t\t\t\t<div class=\"elementor-widget-container\">\n\t\t\t\t\t\t\t<div class=\"elementor-divider\">\n\t\t\t<span class=\"elementor-divider-separator\">\n\t\t\t\t\t\t\t<div class=\"elementor-icon elementor-divider__element\">\n\t\t\t\t\t<i aria-hidden=\"true\" class=\"hm hm-alien\"><\/i><\/div>\n\t\t\t\t\t\t<\/span>\n\t\t<\/div>\n\t\t\t\t\t\t<\/div>\n\t\t\t\t<\/div>\n\t\t\t\t\t<\/div>\n\t\t\t\t<\/div>\n\t\t<div class=\"elementor-element elementor-element-0f7b6fb e-con-full e-flex elementor-invisible e-con e-parent\" data-id=\"0f7b6fb\" data-element_type=\"container\" data-e-type=\"container\" data-settings=\"{&quot;animation&quot;:&quot;fadeIn&quot;,&quot;_ha_eqh_enable&quot;:false}\">\n\t\t<div data-ha-element-link=\"{&quot;url&quot;:&quot;https:\\\/\\\/alienskaab.com\\\/index.php\\\/2023\\\/06\\\/26\\\/la-historia-de-aliens-kaab-un-viaje-cosmico-hacia-el-hidromiel\\\/&quot;,&quot;is_external&quot;:&quot;&quot;,&quot;nofollow&quot;:&quot;&quot;}\" style=\"cursor: pointer\" class=\"elementor-element elementor-element-f7568bd e-con-full e-flex e-con e-child\" data-id=\"f7568bd\" data-element_type=\"container\" data-e-type=\"container\" data-settings=\"{&quot;_ha_eqh_enable&quot;:false}\">\n\t\t<div class=\"elementor-element elementor-element-b44d147 e-con-full e-flex e-con e-child\" data-id=\"b44d147\" data-element_type=\"container\" data-e-type=\"container\" data-settings=\"{&quot;_ha_eqh_enable&quot;:false}\">\n\t\t\t\t<div class=\"elementor-element elementor-element-e5838fe elementor-widget__width-inherit zoom-hover elementor-widget elementor-widget-heading\" data-id=\"e5838fe\" data-element_type=\"widget\" data-e-type=\"widget\" data-widget_type=\"heading.default\">\n\t\t\t\t<div class=\"elementor-widget-container\">\n\t\t\t\t\t<h2 class=\"elementor-heading-title elementor-size-default\"><a href=\"https:\/\/alienskaab.com\/index.php\/2023\/06\/26\/la-historia-de-aliens-kaab-un-viaje-cosmico-hacia-el-hidromiel\/\"><br><br>LA HISTORIAL DE ALIENS KAAB: UN VIAJE C\u00d3SMICO HACIA EL HIDROMIEL<\/a><\/h2>\t\t\t\t<\/div>\n\t\t\t\t<\/div>\n\t\t\t\t<\/div>\n\t\t\t\t<\/div>\n\t\t<div data-ha-element-link=\"{&quot;url&quot;:&quot;https:\\\/\\\/alienskaab.com\\\/index.php\\\/2025\\\/04\\\/06\\\/hidromiel-aliens-kaab-quienes-somos-2\\\/&quot;,&quot;is_external&quot;:&quot;&quot;,&quot;nofollow&quot;:&quot;&quot;}\" style=\"cursor: pointer\" class=\"elementor-element elementor-element-250de2c e-con-full e-flex e-con e-child\" data-id=\"250de2c\" data-element_type=\"container\" data-e-type=\"container\" data-settings=\"{&quot;_ha_eqh_enable&quot;:false}\">\n\t\t<div class=\"elementor-element elementor-element-e0adcb2 e-con-full e-flex e-con e-child\" data-id=\"e0adcb2\" data-element_type=\"container\" data-e-type=\"container\" data-settings=\"{&quot;_ha_eqh_enable&quot;:false}\">\n\t\t\t\t<div class=\"elementor-element elementor-element-3ea5b7f elementor-widget__width-inherit zoom-hover elementor-widget elementor-widget-heading\" data-id=\"3ea5b7f\" data-element_type=\"widget\" data-e-type=\"widget\" data-widget_type=\"heading.default\">\n\t\t\t\t<div class=\"elementor-widget-container\">\n\t\t\t\t\t<h2 class=\"elementor-heading-title elementor-size-default\"><a href=\"https:\/\/alienskaab.com\/index.php\/2025\/04\/06\/hidromiel-aliens-kaab-quienes-somos-2\/\"><br><br><br>HIDROMIEL ALIENS KAAB, \u00bfQUI\u00c9NES SOMOS?<\/a><\/h2>\t\t\t\t<\/div>\n\t\t\t\t<\/div>\n\t\t\t\t<\/div>\n\t\t\t\t<\/div>\n\t\t<div data-ha-element-link=\"{&quot;url&quot;:&quot;https:\\\/\\\/alienskaab.com\\\/index.php\\\/2025\\\/04\\\/06\\\/hidromiel-aliens-kaab-quienes-somos-2\\\/&quot;,&quot;is_external&quot;:&quot;&quot;,&quot;nofollow&quot;:&quot;&quot;}\" style=\"cursor: pointer\" class=\"elementor-element elementor-element-277b5a0 e-con-full e-flex e-con e-child\" data-id=\"277b5a0\" data-element_type=\"container\" data-e-type=\"container\" data-settings=\"{&quot;_ha_eqh_enable&quot;:false}\">\n\t\t<div class=\"elementor-element elementor-element-0ce5ae2 e-con-full e-flex e-con e-child\" data-id=\"0ce5ae2\" data-element_type=\"container\" data-e-type=\"container\" data-settings=\"{&quot;_ha_eqh_enable&quot;:false}\">\n\t\t\t\t<div class=\"elementor-element elementor-element-eb8fc38 elementor-widget__width-inherit zoom-hover elementor-widget elementor-widget-heading\" data-id=\"eb8fc38\" data-element_type=\"widget\" data-e-type=\"widget\" data-widget_type=\"heading.default\">\n\t\t\t\t<div class=\"elementor-widget-container\">\n\t\t\t\t\t<h2 class=\"elementor-heading-title elementor-size-default\"><a href=\"https:\/\/alienskaab.com\/index.php\/2025\/04\/06\/guia-completa-sobre-elaboracion-de-hidromiel\/\"><br><br><br>GU\u00cdA COMPLETA SOBRE ELABORACI\u00d3N\nDEL HIDROMIEL<\/a><\/h2>\t\t\t\t<\/div>\n\t\t\t\t<\/div>\n\t\t\t\t<\/div>\n\t\t\t\t<\/div>\n\t\t<div data-ha-element-link=\"{&quot;url&quot;:&quot;https:\\\/\\\/alienskaab.com\\\/index.php\\\/2025\\\/04\\\/07\\\/produccion-de-hidromiel-de-alta-calidad-buenas-practicas-y-consejos\\\/&quot;,&quot;is_external&quot;:&quot;&quot;,&quot;nofollow&quot;:&quot;&quot;}\" style=\"cursor: pointer\" class=\"elementor-element elementor-element-f11bf35 e-con-full e-flex e-con e-child\" data-id=\"f11bf35\" data-element_type=\"container\" data-e-type=\"container\" data-settings=\"{&quot;_ha_eqh_enable&quot;:false}\">\n\t\t<div class=\"elementor-element elementor-element-946bc24 e-con-full e-flex e-con e-child\" data-id=\"946bc24\" data-element_type=\"container\" data-e-type=\"container\" data-settings=\"{&quot;_ha_eqh_enable&quot;:false}\">\n\t\t\t\t<div class=\"elementor-element elementor-element-f2bec12 elementor-widget__width-inherit zoom-hover elementor-widget elementor-widget-heading\" data-id=\"f2bec12\" data-element_type=\"widget\" data-e-type=\"widget\" data-widget_type=\"heading.default\">\n\t\t\t\t<div class=\"elementor-widget-container\">\n\t\t\t\t\t<h2 class=\"elementor-heading-title elementor-size-default\"><a href=\"https:\/\/alienskaab.com\/index.php\/2025\/04\/07\/produccion-de-hidromiel-de-alta-calidad-buenas-practicas-y-consejos\/\"><br><br>C\u00d3MO HACER HIDROMIEL DE ALTA CALIDAD: 11 CLAVES QUE MARCAN LA DIFERENCIA<\/a><\/h2>\t\t\t\t<\/div>\n\t\t\t\t<\/div>\n\t\t\t\t<\/div>\n\t\t\t\t<\/div>\n\t\t<div data-ha-element-link=\"{&quot;url&quot;:&quot;https:\\\/\\\/alienskaab.com\\\/index.php\\\/2025\\\/04\\\/07\\\/15-cocteles-con-hidromiel-para-sorprender-y-disfrutar\\\/&quot;,&quot;is_external&quot;:&quot;&quot;,&quot;nofollow&quot;:&quot;&quot;}\" style=\"cursor: pointer\" class=\"elementor-element elementor-element-c9070d8 e-con-full e-flex e-con e-child\" data-id=\"c9070d8\" data-element_type=\"container\" data-e-type=\"container\" data-settings=\"{&quot;_ha_eqh_enable&quot;:false}\">\n\t\t<div class=\"elementor-element elementor-element-6f1050e e-con-full e-flex e-con e-child\" data-id=\"6f1050e\" data-element_type=\"container\" data-e-type=\"container\" data-settings=\"{&quot;_ha_eqh_enable&quot;:false}\">\n\t\t\t\t<div class=\"elementor-element elementor-element-9d2f9a7 elementor-widget__width-inherit zoom-hover elementor-widget elementor-widget-heading\" data-id=\"9d2f9a7\" data-element_type=\"widget\" data-e-type=\"widget\" data-widget_type=\"heading.default\">\n\t\t\t\t<div class=\"elementor-widget-container\">\n\t\t\t\t\t<h2 class=\"elementor-heading-title elementor-size-default\"><a href=\"https:\/\/alienskaab.com\/index.php\/2025\/04\/07\/15-cocteles-con-hidromiel-para-sorprender-y-disfrutar\/\"><br><br><br>15 C\u00d3CTELES CON HIDROMIEL PARA SORPRENDER Y DISFRUTAR<\/a><\/h2>\t\t\t\t<\/div>\n\t\t\t\t<\/div>\n\t\t\t\t<\/div>\n\t\t\t\t<\/div>\n\t\t<div data-ha-element-link=\"{&quot;url&quot;:&quot;https:\\\/\\\/alienskaab.com\\\/index.php\\\/2025\\\/04\\\/07\\\/fermentacion-salvaje-o-levaduras-anadidas-el-dilema-del-hidromielero-artesanal\\\/&quot;,&quot;is_external&quot;:&quot;&quot;,&quot;nofollow&quot;:&quot;&quot;}\" style=\"cursor: pointer\" class=\"elementor-element elementor-element-273bb77 e-con-full e-flex e-con e-child\" data-id=\"273bb77\" data-element_type=\"container\" data-e-type=\"container\" data-settings=\"{&quot;_ha_eqh_enable&quot;:false}\">\n\t\t<div class=\"elementor-element elementor-element-d67320b e-con-full e-flex e-con e-child\" data-id=\"d67320b\" data-element_type=\"container\" data-e-type=\"container\" data-settings=\"{&quot;_ha_eqh_enable&quot;:false}\">\n\t\t\t\t<div class=\"elementor-element elementor-element-e3cc4c2 elementor-widget__width-inherit zoom-hover elementor-widget elementor-widget-heading\" data-id=\"e3cc4c2\" data-element_type=\"widget\" data-e-type=\"widget\" data-widget_type=\"heading.default\">\n\t\t\t\t<div class=\"elementor-widget-container\">\n\t\t\t\t\t<h2 class=\"elementor-heading-title elementor-size-default\"><a href=\"https:\/\/alienskaab.com\/index.php\/2025\/04\/07\/fermentacion-salvaje-o-levaduras-anadidas-el-dilema-del-hidromielero-artesanal\/\"><br><br>\u00bfFERMENTACI\u00d3N SALVAJE O LEVADURAS A\u00d1ADIDAS? EL DILEMA DEL HIDROMIELERO ARTESANAL<\/a><\/h2>\t\t\t\t<\/div>\n\t\t\t\t<\/div>\n\t\t\t\t<\/div>\n\t\t\t\t<\/div>\n\t\t<div data-ha-element-link=\"{&quot;url&quot;:&quot;https:\\\/\\\/alienskaab.com\\\/index.php\\\/2025\\\/04\\\/07\\\/hidromiel-y-salud-una-bebida-milenaria-con-beneficios-medicinales\\\/&quot;,&quot;is_external&quot;:&quot;&quot;,&quot;nofollow&quot;:&quot;&quot;}\" style=\"cursor: pointer\" class=\"elementor-element elementor-element-1cd7ae5 e-con-full e-flex e-con e-child\" data-id=\"1cd7ae5\" data-element_type=\"container\" data-e-type=\"container\" data-settings=\"{&quot;_ha_eqh_enable&quot;:false}\">\n\t\t<div class=\"elementor-element elementor-element-e3f0366 e-con-full e-flex e-con e-child\" data-id=\"e3f0366\" data-element_type=\"container\" data-e-type=\"container\" data-settings=\"{&quot;_ha_eqh_enable&quot;:false}\">\n\t\t\t\t<div class=\"elementor-element elementor-element-9816fec elementor-widget__width-inherit zoom-hover elementor-widget elementor-widget-heading\" data-id=\"9816fec\" data-element_type=\"widget\" data-e-type=\"widget\" data-widget_type=\"heading.default\">\n\t\t\t\t<div class=\"elementor-widget-container\">\n\t\t\t\t\t<h2 class=\"elementor-heading-title elementor-size-default\"><a href=\"https:\/\/alienskaab.com\/index.php\/2025\/04\/07\/hidromiel-y-salud-una-bebida-milenaria-con-beneficios-medicinales\/\"><br><br><br>EL HIDROMIEL Y SUS BENEFICIOS MEDICINALES<\/a><\/h2>\t\t\t\t<\/div>\n\t\t\t\t<\/div>\n\t\t\t\t<\/div>\n\t\t\t\t<\/div>\n\t\t<div data-ha-element-link=\"{&quot;url&quot;:&quot;https:\\\/\\\/alienskaab.com\\\/index.php\\\/2025\\\/04\\\/07\\\/curiosidades-del-hidromiel-historia-rarezas-y-secretos-de-una-bebida-milenaria\\\/&quot;,&quot;is_external&quot;:&quot;&quot;,&quot;nofollow&quot;:&quot;&quot;}\" style=\"cursor: pointer\" class=\"elementor-element elementor-element-e58b5e4 e-con-full e-flex e-con e-child\" data-id=\"e58b5e4\" data-element_type=\"container\" data-e-type=\"container\" data-settings=\"{&quot;_ha_eqh_enable&quot;:false}\">\n\t\t<div class=\"elementor-element elementor-element-31eed49 e-con-full e-flex e-con e-child\" data-id=\"31eed49\" data-element_type=\"container\" data-e-type=\"container\" data-settings=\"{&quot;_ha_eqh_enable&quot;:false}\">\n\t\t\t\t<div class=\"elementor-element elementor-element-f01fc44 elementor-widget__width-inherit zoom-hover elementor-widget elementor-widget-heading\" data-id=\"f01fc44\" data-element_type=\"widget\" data-e-type=\"widget\" data-widget_type=\"heading.default\">\n\t\t\t\t<div class=\"elementor-widget-container\">\n\t\t\t\t\t<h2 class=\"elementor-heading-title elementor-size-default\"><a href=\"https:\/\/alienskaab.com\/index.php\/2025\/04\/07\/curiosidades-del-hidromiel-historia-rarezas-y-secretos-de-una-bebida-milenaria\/\"><br><br><br>CURIOSIDADES DEL HIDROMIEL: HISTORIA, RAREZAS Y SECRETOS<\/a><\/h2>\t\t\t\t<\/div>\n\t\t\t\t<\/div>\n\t\t\t\t<\/div>\n\t\t\t\t<\/div>\n\t\t<div class=\"elementor-element elementor-element-e364203 e-con-full e-flex e-con e-child\" data-id=\"e364203\" data-element_type=\"container\" data-e-type=\"container\" data-settings=\"{&quot;_ha_eqh_enable&quot;:false}\">\n\t\t\t\t<\/div>\n\t\t<div class=\"elementor-element elementor-element-a949d17 e-con-full e-flex e-con e-child\" data-id=\"a949d17\" data-element_type=\"container\" data-e-type=\"container\" data-settings=\"{&quot;_ha_eqh_enable&quot;:false}\">\n\t\t\t\t<\/div>\n\t\t<div class=\"elementor-element elementor-element-19a13aa e-con-full e-flex e-con e-child\" data-id=\"19a13aa\" data-element_type=\"container\" data-e-type=\"container\" data-settings=\"{&quot;_ha_eqh_enable&quot;:false}\">\n\t\t\t\t<\/div>\n\t\t<div class=\"elementor-element elementor-element-040b216 e-con-full e-flex e-con e-child\" data-id=\"040b216\" data-element_type=\"container\" data-e-type=\"container\" data-settings=\"{&quot;_ha_eqh_enable&quot;:false}\">\n\t\t\t\t<\/div>\n\t\t<div class=\"elementor-element elementor-element-d4644b9 e-con-full e-flex e-con e-child\" data-id=\"d4644b9\" data-element_type=\"container\" data-e-type=\"container\" data-settings=\"{&quot;_ha_eqh_enable&quot;:false}\">\n\t\t\t\t<\/div>\n\t\t\t\t<\/div>\n\t\t\t\t<\/div>\n\t\t","protected":false},"excerpt":{"rendered":"<p>D\u00c9JATE ABDUCIR Y AMPLIA TUS CONOCIMIENTOS LA HISTORIAL DE ALIENS KAAB: UN VIAJE C\u00d3SMICO HACIA EL HIDROMIEL HIDROMIEL ALIENS KAAB, \u00bfQUI\u00c9NES SOMOS? GU\u00cdA COMPLETA SOBRE ELABORACI\u00d3N DEL HIDROMIEL C\u00d3MO HACER HIDROMIEL DE ALTA CALIDAD: 11 CLAVES QUE MARCAN LA DIFERENCIA 15 C\u00d3CTELES CON HIDROMIEL PARA SORPRENDER Y DISFRUTAR \u00bfFERMENTACI\u00d3N SALVAJE O LEVADURAS A\u00d1ADIDAS? EL DILEMA [&hellip;]<\/p>\n","protected":false},"author":1,"featured_media":0,"parent":0,"menu_order":0,"comment_status":"closed","ping_status":"closed","template":"","meta":{"ngg_post_thumbnail":0,"footnotes":""},"class_list":["post-1638","page","type-page","status-publish","hentry"],"yoast_head":"<!-- This site is optimized with the Yoast SEO plugin v26.9 - https:\/\/yoast.com\/product\/yoast-seo-wordpress\/ -->\n<title>BLOG - Hidromiel Aliens Kaab<\/title>\n<meta name=\"robots\" content=\"index, follow, max-snippet:-1, max-image-preview:large, max-video-preview:-1\" \/>\n<link rel=\"canonical\" href=\"https:\/\/alienskaab.com\/index.php\/blog-ak\/\" \/>\n<meta property=\"og:locale\" content=\"es_ES\" \/>\n<meta property=\"og:type\" content=\"article\" \/>\n<meta property=\"og:title\" content=\"BLOG - Hidromiel Aliens Kaab\" \/>\n<meta property=\"og:description\" content=\"D\u00c9JATE ABDUCIR Y AMPLIA TUS CONOCIMIENTOS LA HISTORIAL DE ALIENS KAAB: UN VIAJE C\u00d3SMICO HACIA EL HIDROMIEL HIDROMIEL ALIENS KAAB, \u00bfQUI\u00c9NES SOMOS? GU\u00cdA COMPLETA SOBRE ELABORACI\u00d3N DEL HIDROMIEL C\u00d3MO HACER HIDROMIEL DE ALTA CALIDAD: 11 CLAVES QUE MARCAN LA DIFERENCIA 15 C\u00d3CTELES CON HIDROMIEL PARA SORPRENDER Y DISFRUTAR \u00bfFERMENTACI\u00d3N SALVAJE O LEVADURAS A\u00d1ADIDAS? EL DILEMA [&hellip;]\" \/>\n<meta property=\"og:url\" content=\"https:\/\/alienskaab.com\/index.php\/blog-ak\/\" \/>\n<meta property=\"og:site_name\" content=\"Hidromiel Aliens Kaab\" \/>\n<meta property=\"article:publisher\" content=\"https:\/\/www.facebook.com\/AliensKaab\" \/>\n<meta property=\"article:modified_time\" content=\"2025-05-08T21:52:10+00:00\" \/>\n<meta name=\"twitter:card\" content=\"summary_large_image\" \/>\n<meta name=\"twitter:label1\" content=\"Tiempo de lectura\" \/>\n\t<meta name=\"twitter:data1\" content=\"1 minuto\" \/>\n<script type=\"application\/ld+json\" class=\"yoast-schema-graph\">{\"@context\":\"https:\/\/schema.org\",\"@graph\":[{\"@type\":\"WebPage\",\"@id\":\"https:\/\/alienskaab.com\/index.php\/blog-ak\/\",\"url\":\"https:\/\/alienskaab.com\/index.php\/blog-ak\/\",\"name\":\"BLOG - Hidromiel Aliens Kaab\",\"isPartOf\":{\"@id\":\"https:\/\/alienskaab.com\/#website\"},\"datePublished\":\"2025-03-05T20:27:00+00:00\",\"dateModified\":\"2025-05-08T21:52:10+00:00\",\"breadcrumb\":{\"@id\":\"https:\/\/alienskaab.com\/index.php\/blog-ak\/#breadcrumb\"},\"inLanguage\":\"es\",\"potentialAction\":[{\"@type\":\"ReadAction\",\"target\":[\"https:\/\/alienskaab.com\/index.php\/blog-ak\/\"]}]},{\"@type\":\"BreadcrumbList\",\"@id\":\"https:\/\/alienskaab.com\/index.php\/blog-ak\/#breadcrumb\",\"itemListElement\":[{\"@type\":\"ListItem\",\"position\":1,\"name\":\"Portada\",\"item\":\"https:\/\/alienskaab.com\/\"},{\"@type\":\"ListItem\",\"position\":2,\"name\":\"BLOG\"}]},{\"@type\":\"WebSite\",\"@id\":\"https:\/\/alienskaab.com\/#website\",\"url\":\"https:\/\/alienskaab.com\/\",\"name\":\"Hidromiel Aliens Kaab\",\"description\":\"Hidromiel Artesanal mexicana\",\"publisher\":{\"@id\":\"https:\/\/alienskaab.com\/#organization\"},\"potentialAction\":[{\"@type\":\"SearchAction\",\"target\":{\"@type\":\"EntryPoint\",\"urlTemplate\":\"https:\/\/alienskaab.com\/?s={search_term_string}\"},\"query-input\":{\"@type\":\"PropertyValueSpecification\",\"valueRequired\":true,\"valueName\":\"search_term_string\"}}],\"inLanguage\":\"es\"},{\"@type\":\"Organization\",\"@id\":\"https:\/\/alienskaab.com\/#organization\",\"name\":\"Hidromiel Aliens Kaab\",\"url\":\"https:\/\/alienskaab.com\/\",\"logo\":{\"@type\":\"ImageObject\",\"inLanguage\":\"es\",\"@id\":\"https:\/\/alienskaab.com\/#\/schema\/logo\/image\/\",\"url\":\"https:\/\/alienskaab.com\/wp-content\/uploads\/2023\/01\/Hidromiel-Aliens-Kaab.png\",\"contentUrl\":\"https:\/\/alienskaab.com\/wp-content\/uploads\/2023\/01\/Hidromiel-Aliens-Kaab.png\",\"width\":561,\"height\":752,\"caption\":\"Hidromiel Aliens Kaab\"},\"image\":{\"@id\":\"https:\/\/alienskaab.com\/#\/schema\/logo\/image\/\"},\"sameAs\":[\"https:\/\/www.facebook.com\/AliensKaab\",\"https:\/\/instagram.com\/alienskaab\"]}]}<\/script>\n<!-- \/ Yoast SEO plugin. -->","yoast_head_json":{"title":"BLOG - Hidromiel Aliens Kaab","robots":{"index":"index","follow":"follow","max-snippet":"max-snippet:-1","max-image-preview":"max-image-preview:large","max-video-preview":"max-video-preview:-1"},"canonical":"https:\/\/alienskaab.com\/index.php\/blog-ak\/","og_locale":"es_ES","og_type":"article","og_title":"BLOG - Hidromiel Aliens Kaab","og_description":"D\u00c9JATE ABDUCIR Y AMPLIA TUS CONOCIMIENTOS LA HISTORIAL DE ALIENS KAAB: UN VIAJE C\u00d3SMICO HACIA EL HIDROMIEL HIDROMIEL ALIENS KAAB, \u00bfQUI\u00c9NES SOMOS? GU\u00cdA COMPLETA SOBRE ELABORACI\u00d3N DEL HIDROMIEL C\u00d3MO HACER HIDROMIEL DE ALTA CALIDAD: 11 CLAVES QUE MARCAN LA DIFERENCIA 15 C\u00d3CTELES CON HIDROMIEL PARA SORPRENDER Y DISFRUTAR \u00bfFERMENTACI\u00d3N SALVAJE O LEVADURAS A\u00d1ADIDAS? EL DILEMA [&hellip;]","og_url":"https:\/\/alienskaab.com\/index.php\/blog-ak\/","og_site_name":"Hidromiel Aliens Kaab","article_publisher":"https:\/\/www.facebook.com\/AliensKaab","article_modified_time":"2025-05-08T21:52:10+00:00","twitter_card":"summary_large_image","twitter_misc":{"Tiempo de lectura":"1 minuto"},"schema":{"@context":"https:\/\/schema.org","@graph":[{"@type":"WebPage","@id":"https:\/\/alienskaab.com\/index.php\/blog-ak\/","url":"https:\/\/alienskaab.com\/index.php\/blog-ak\/","name":"BLOG - Hidromiel Aliens Kaab","isPartOf":{"@id":"https:\/\/alienskaab.com\/#website"},"datePublished":"2025-03-05T20:27:00+00:00","dateModified":"2025-05-08T21:52:10+00:00","breadcrumb":{"@id":"https:\/\/alienskaab.com\/index.php\/blog-ak\/#breadcrumb"},"inLanguage":"es","potentialAction":[{"@type":"ReadAction","target":["https:\/\/alienskaab.com\/index.php\/blog-ak\/"]}]},{"@type":"BreadcrumbList","@id":"https:\/\/alienskaab.com\/index.php\/blog-ak\/#breadcrumb","itemListElement":[{"@type":"ListItem","position":1,"name":"Portada","item":"https:\/\/alienskaab.com\/"},{"@type":"ListItem","position":2,"name":"BLOG"}]},{"@type":"WebSite","@id":"https:\/\/alienskaab.com\/#website","url":"https:\/\/alienskaab.com\/","name":"Hidromiel Aliens Kaab","description":"Hidromiel Artesanal mexicana","publisher":{"@id":"https:\/\/alienskaab.com\/#organization"},"potentialAction":[{"@type":"SearchAction","target":{"@type":"EntryPoint","urlTemplate":"https:\/\/alienskaab.com\/?s={search_term_string}"},"query-input":{"@type":"PropertyValueSpecification","valueRequired":true,"valueName":"search_term_string"}}],"inLanguage":"es"},{"@type":"Organization","@id":"https:\/\/alienskaab.com\/#organization","name":"Hidromiel Aliens Kaab","url":"https:\/\/alienskaab.com\/","logo":{"@type":"ImageObject","inLanguage":"es","@id":"https:\/\/alienskaab.com\/#\/schema\/logo\/image\/","url":"https:\/\/alienskaab.com\/wp-content\/uploads\/2023\/01\/Hidromiel-Aliens-Kaab.png","contentUrl":"https:\/\/alienskaab.com\/wp-content\/uploads\/2023\/01\/Hidromiel-Aliens-Kaab.png","width":561,"height":752,"caption":"Hidromiel Aliens Kaab"},"image":{"@id":"https:\/\/alienskaab.com\/#\/schema\/logo\/image\/"},"sameAs":["https:\/\/www.facebook.com\/AliensKaab","https:\/\/instagram.com\/alienskaab"]}]}},"_links":{"self":[{"href":"https:\/\/alienskaab.com\/index.php\/wp-json\/wp\/v2\/pages\/1638","targetHints":{"allow":["GET"]}}],"collection":[{"href":"https:\/\/alienskaab.com\/index.php\/wp-json\/wp\/v2\/pages"}],"about":[{"href":"https:\/\/alienskaab.com\/index.php\/wp-json\/wp\/v2\/types\/page"}],"author":[{"embeddable":true,"href":"https:\/\/alienskaab.com\/index.php\/wp-json\/wp\/v2\/users\/1"}],"replies":[{"embeddable":true,"href":"https:\/\/alienskaab.com\/index.php\/wp-json\/wp\/v2\/comments?post=1638"}],"version-history":[{"count":113,"href":"https:\/\/alienskaab.com\/index.php\/wp-json\/wp\/v2\/pages\/1638\/revisions"}],"predecessor-version":[{"id":2596,"href":"https:\/\/alienskaab.com\/index.php\/wp-json\/wp\/v2\/pages\/1638\/revisions\/2596"}],"wp:attachment":[{"href":"https:\/\/alienskaab.com\/index.php\/wp-json\/wp\/v2\/media?parent=1638"}],"curies":[{"name":"wp","href":"https:\/\/api.w.org\/{rel}","templated":true}]}}