{"id":1640,"date":"2025-03-05T20:27:19","date_gmt":"2025-03-05T20:27:19","guid":{"rendered":"https:\/\/alienskaab.com\/?page_id=1640"},"modified":"2025-05-08T21:53:37","modified_gmt":"2025-05-08T21:53:37","slug":"contacto-ak","status":"publish","type":"page","link":"https:\/\/alienskaab.com\/index.php\/contacto-ak\/","title":{"rendered":"CONTACTO"},"content":{"rendered":"\t\t<div data-elementor-type=\"wp-page\" data-elementor-id=\"1640\" class=\"elementor elementor-1640\" data-elementor-settings=\"{&quot;ha_cmc_init_switcher&quot;:&quot;no&quot;}\">\n\t\t\t\t<div class=\"elementor-element elementor-element-cfbfb0f e-flex e-con-boxed e-con e-parent\" data-id=\"cfbfb0f\" data-element_type=\"container\" data-e-type=\"container\" data-settings=\"{&quot;_ha_eqh_enable&quot;:false}\">\n\t\t\t\t\t<div class=\"e-con-inner\">\n\t\t\t\t<div class=\"elementor-element elementor-element-6ababd9 elementor-widget-divider--view-line_icon elementor-view-default elementor-widget-divider--element-align-center elementor-widget elementor-widget-divider\" data-id=\"6ababd9\" data-element_type=\"widget\" data-e-type=\"widget\" data-widget_type=\"divider.default\">\n\t\t\t\t<div class=\"elementor-widget-container\">\n\t\t\t\t\t\t\t<div class=\"elementor-divider\">\n\t\t\t<span class=\"elementor-divider-separator\">\n\t\t\t\t\t\t\t<div class=\"elementor-icon elementor-divider__element\">\n\t\t\t\t\t<i aria-hidden=\"true\" class=\"hm hm-alien\"><\/i><\/div>\n\t\t\t\t\t\t<\/span>\n\t\t<\/div>\n\t\t\t\t\t\t<\/div>\n\t\t\t\t<\/div>\n\t\t\t\t\t<\/div>\n\t\t\t\t<\/div>\n\t\t<div class=\"elementor-element elementor-element-61a5506 e-flex e-con-boxed elementor-invisible e-con e-parent\" data-id=\"61a5506\" data-element_type=\"container\" data-e-type=\"container\" data-settings=\"{&quot;animation&quot;:&quot;fadeInDown&quot;,&quot;_ha_eqh_enable&quot;:false}\">\n\t\t\t\t\t<div class=\"e-con-inner\">\n\t\t\t\t<div class=\"elementor-element elementor-element-b82f7ac elementor-widget elementor-widget-heading\" data-id=\"b82f7ac\" data-element_type=\"widget\" data-e-type=\"widget\" data-widget_type=\"heading.default\">\n\t\t\t\t<div class=\"elementor-widget-container\">\n\t\t\t\t\t<h2 class=\"elementor-heading-title elementor-size-default\">CONT\u00c1CTATE CON NOSOTROS<\/h2>\t\t\t\t<\/div>\n\t\t\t\t<\/div>\n\t\t\t\t\t<\/div>\n\t\t\t\t<\/div>\n\t\t<div class=\"elementor-element elementor-element-f079968 e-flex e-con-boxed elementor-invisible e-con e-parent\" data-id=\"f079968\" data-element_type=\"container\" data-e-type=\"container\" data-settings=\"{&quot;animation&quot;:&quot;fadeInUp&quot;,&quot;_ha_eqh_enable&quot;:false}\">\n\t\t\t\t\t<div class=\"e-con-inner\">\n\t\t\t\t<div class=\"elementor-element elementor-element-1114df0 elementor-widget elementor-widget-text-editor\" data-id=\"1114df0\" data-element_type=\"widget\" data-e-type=\"widget\" data-widget_type=\"text-editor.default\">\n\t\t\t\t<div class=\"elementor-widget-container\">\n\t\t\t\t\t\t\t\t\t<h3 class=\"\" style=\"text-align: center;\" data-start=\"109\" data-end=\"179\"><span style=\"color: #800080;\"><strong data-start=\"113\" data-end=\"177\">Nos encanta estar en contacto con seres de otras galaxias \ud83d\udc7d<\/strong><\/span><\/h3><p class=\"\" style=\"text-align: center;\" data-start=\"180\" data-end=\"313\"><span style=\"color: #800080;\">Ya sea que quieras hacernos una pregunta, compartir una historia interplanetaria o simplemente saludarnos, no dudes en escribirnos.<\/span><\/p><p class=\"\" style=\"text-align: center;\" data-start=\"315\" data-end=\"386\"><span style=\"color: #800080;\">Esta p\u00e1gina tambi\u00e9n es tuya, y sin ti esta misi\u00f3n no tendr\u00eda sentido.<\/span><\/p><p class=\"\" style=\"text-align: center;\" data-start=\"388\" data-end=\"558\"><span style=\"color: #800080;\">Si tienes dudas sobre nuestros productos, el proceso, o quieres colaborar con nuestra nave madre, m\u00e1ndanos un mensaje o escr\u00edbenos a: 56 5391 4485 \ud83c\uddf2\ud83c\uddfd (+52) o trav\u00e9s de este formulario:<\/span><\/p>\t\t\t\t\t\t\t\t<\/div>\n\t\t\t\t<\/div>\n\t\t\t\t\t<\/div>\n\t\t\t\t<\/div>\n\t\t<div class=\"elementor-element elementor-element-0913033 e-flex e-con-boxed elementor-invisible e-con e-parent\" data-id=\"0913033\" data-element_type=\"container\" data-e-type=\"container\" data-settings=\"{&quot;animation&quot;:&quot;fadeIn&quot;,&quot;_ha_eqh_enable&quot;:false}\">\n\t\t\t\t\t<div class=\"e-con-inner\">\n\t\t\t\t<div class=\"elementor-element elementor-element-1798606 elementor-widget elementor-widget-ha-cf7 happy-addon ha-cf7\" data-id=\"1798606\" data-element_type=\"widget\" data-e-type=\"widget\" data-widget_type=\"ha-cf7.default\">\n\t\t\t\t<div class=\"elementor-widget-container\">\n\t\t\t\t\t\n<div class=\"wpcf7 no-js\" id=\"wpcf7-f63-o1\" lang=\"es-ES\" dir=\"ltr\" data-wpcf7-id=\"63\">\n<div class=\"screen-reader-response\"><p role=\"status\" aria-live=\"polite\" aria-atomic=\"true\"><\/p> <ul><\/ul><\/div>\n<form action=\"\/index.php\/wp-json\/wp\/v2\/pages\/1640#wpcf7-f63-o1\" method=\"post\" class=\"wpcf7-form init ha-cf7-form\" aria-label=\"Formulario de contacto\" novalidate=\"novalidate\" data-status=\"init\">\n<fieldset class=\"hidden-fields-container\"><input type=\"hidden\" name=\"_wpcf7\" value=\"63\" \/><input type=\"hidden\" name=\"_wpcf7_version\" value=\"6.1.4\" \/><input type=\"hidden\" name=\"_wpcf7_locale\" value=\"es_ES\" \/><input type=\"hidden\" name=\"_wpcf7_unit_tag\" value=\"wpcf7-f63-o1\" \/><input type=\"hidden\" name=\"_wpcf7_container_post\" value=\"0\" \/><input type=\"hidden\" name=\"_wpcf7_posted_data_hash\" value=\"\" \/>\n<\/fieldset>\n<p><label> Tu nombre<br \/>\n<span class=\"wpcf7-form-control-wrap\" data-name=\"Aliens\"><input size=\"40\" maxlength=\"400\" class=\"wpcf7-form-control wpcf7-text wpcf7-validates-as-required\" aria-required=\"true\" aria-invalid=\"false\" value=\"\" type=\"text\" name=\"Aliens\" \/><\/span> <\/label>\n<\/p>\n<p><label> Tu correo electr\u00f3nico<br \/>\n<span class=\"wpcf7-form-control-wrap\" data-name=\"your-email\"><input size=\"40\" maxlength=\"400\" class=\"wpcf7-form-control wpcf7-email wpcf7-validates-as-required wpcf7-text wpcf7-validates-as-email\" autocomplete=\"email\" aria-required=\"true\" aria-invalid=\"false\" value=\"\" type=\"email\" name=\"your-email\" \/><\/span> <\/label>\n<\/p>\n<p><label> Asunto<br \/>\n[D\u00e9janos tus comentarios, estamos para servirte] <\/label>\n<\/p>\n<p><label> Tu mensaje (opcional)<br \/>\n<span class=\"wpcf7-form-control-wrap\" data-name=\"your-message\"><textarea cols=\"40\" rows=\"10\" maxlength=\"2000\" class=\"wpcf7-form-control wpcf7-textarea\" aria-invalid=\"false\" name=\"your-message\"><\/textarea><\/span> <\/label><br \/>\n<span class=\"wpcf7-form-control-wrap\" data-name=\"acceptance-878\"><span class=\"wpcf7-form-control wpcf7-acceptance\"><span class=\"wpcf7-list-item\"><input type=\"checkbox\" name=\"acceptance-878\" value=\"1\" aria-invalid=\"false\" \/><\/span><\/span><\/span> Acepto la \u201c<em><a href=\"https:\/\/alienskaab.com\/index.php\/politicas-de-privacidad\/\">Pol\u00edtica de privacidad<\/a>\u201d<\/em>.\n<\/p>\n<p><input class=\"wpcf7-form-control wpcf7-submit has-spinner\" type=\"submit\" value=\"Enviar\" \/>\n<\/p><div class=\"wpcf7-response-output\" aria-hidden=\"true\"><\/div>\n<\/form>\n<\/div>\n\t\t\t\t<\/div>\n\t\t\t\t<\/div>\n\t\t\t\t\t<\/div>\n\t\t\t\t<\/div>\n\t\t<div class=\"elementor-element elementor-element-fc1e421 e-flex e-con-boxed e-con e-parent\" data-id=\"fc1e421\" data-element_type=\"container\" data-e-type=\"container\" data-settings=\"{&quot;_ha_eqh_enable&quot;:false}\">\n\t\t\t\t\t<div class=\"e-con-inner\">\n\t\t\t\t<div class=\"elementor-element elementor-element-4d2b9d7 elementor-widget-divider--view-line_icon elementor-view-default elementor-widget-divider--element-align-center elementor-widget elementor-widget-divider\" data-id=\"4d2b9d7\" data-element_type=\"widget\" data-e-type=\"widget\" data-widget_type=\"divider.default\">\n\t\t\t\t<div class=\"elementor-widget-container\">\n\t\t\t\t\t\t\t<div class=\"elementor-divider\">\n\t\t\t<span class=\"elementor-divider-separator\">\n\t\t\t\t\t\t\t<div class=\"elementor-icon elementor-divider__element\">\n\t\t\t\t\t<i aria-hidden=\"true\" class=\"hm hm-alien\"><\/i><\/div>\n\t\t\t\t\t\t<\/span>\n\t\t<\/div>\n\t\t\t\t\t\t<\/div>\n\t\t\t\t<\/div>\n\t\t\t\t\t<\/div>\n\t\t\t\t<\/div>\n\t\t\t\t<\/div>\n\t\t","protected":false},"excerpt":{"rendered":"<p>CONT\u00c1CTATE CON NOSOTROS Nos encanta estar en contacto con seres de otras galaxias \ud83d\udc7d Ya sea que quieras hacernos una pregunta, compartir una historia interplanetaria o simplemente saludarnos, no dudes en escribirnos. Esta p\u00e1gina tambi\u00e9n es tuya, y sin ti esta misi\u00f3n no tendr\u00eda sentido. Si tienes dudas sobre nuestros productos, el proceso, o quieres [&hellip;]<\/p>\n","protected":false},"author":1,"featured_media":0,"parent":0,"menu_order":0,"comment_status":"closed","ping_status":"closed","template":"","meta":{"ngg_post_thumbnail":0,"footnotes":""},"class_list":["post-1640","page","type-page","status-publish","hentry"],"yoast_head":"<!-- This site is optimized with the Yoast SEO plugin v26.9 - https:\/\/yoast.com\/product\/yoast-seo-wordpress\/ -->\n<title>CONTACTO - Hidromiel Aliens Kaab<\/title>\n<meta name=\"robots\" content=\"index, follow, max-snippet:-1, max-image-preview:large, max-video-preview:-1\" \/>\n<link rel=\"canonical\" href=\"https:\/\/alienskaab.com\/index.php\/contacto-ak\/\" \/>\n<meta property=\"og:locale\" content=\"es_ES\" \/>\n<meta property=\"og:type\" content=\"article\" \/>\n<meta property=\"og:title\" content=\"CONTACTO - Hidromiel Aliens Kaab\" \/>\n<meta property=\"og:description\" content=\"CONT\u00c1CTATE CON NOSOTROS Nos encanta estar en contacto con seres de otras galaxias \ud83d\udc7d Ya sea que quieras hacernos una pregunta, compartir una historia interplanetaria o simplemente saludarnos, no dudes en escribirnos. Esta p\u00e1gina tambi\u00e9n es tuya, y sin ti esta misi\u00f3n no tendr\u00eda sentido. Si tienes dudas sobre nuestros productos, el proceso, o quieres [&hellip;]\" \/>\n<meta property=\"og:url\" content=\"https:\/\/alienskaab.com\/index.php\/contacto-ak\/\" \/>\n<meta property=\"og:site_name\" content=\"Hidromiel Aliens Kaab\" \/>\n<meta property=\"article:publisher\" content=\"https:\/\/www.facebook.com\/AliensKaab\" \/>\n<meta property=\"article:modified_time\" content=\"2025-05-08T21:53:37+00:00\" \/>\n<meta name=\"twitter:card\" content=\"summary_large_image\" \/>\n<meta name=\"twitter:label1\" content=\"Tiempo de lectura\" \/>\n\t<meta name=\"twitter:data1\" content=\"1 minuto\" \/>\n<script type=\"application\/ld+json\" class=\"yoast-schema-graph\">{\"@context\":\"https:\/\/schema.org\",\"@graph\":[{\"@type\":\"WebPage\",\"@id\":\"https:\/\/alienskaab.com\/index.php\/contacto-ak\/\",\"url\":\"https:\/\/alienskaab.com\/index.php\/contacto-ak\/\",\"name\":\"CONTACTO - Hidromiel Aliens Kaab\",\"isPartOf\":{\"@id\":\"https:\/\/alienskaab.com\/#website\"},\"datePublished\":\"2025-03-05T20:27:19+00:00\",\"dateModified\":\"2025-05-08T21:53:37+00:00\",\"breadcrumb\":{\"@id\":\"https:\/\/alienskaab.com\/index.php\/contacto-ak\/#breadcrumb\"},\"inLanguage\":\"es\",\"potentialAction\":[{\"@type\":\"ReadAction\",\"target\":[\"https:\/\/alienskaab.com\/index.php\/contacto-ak\/\"]}]},{\"@type\":\"BreadcrumbList\",\"@id\":\"https:\/\/alienskaab.com\/index.php\/contacto-ak\/#breadcrumb\",\"itemListElement\":[{\"@type\":\"ListItem\",\"position\":1,\"name\":\"Portada\",\"item\":\"https:\/\/alienskaab.com\/\"},{\"@type\":\"ListItem\",\"position\":2,\"name\":\"CONTACTO\"}]},{\"@type\":\"WebSite\",\"@id\":\"https:\/\/alienskaab.com\/#website\",\"url\":\"https:\/\/alienskaab.com\/\",\"name\":\"Hidromiel Aliens Kaab\",\"description\":\"Hidromiel Artesanal mexicana\",\"publisher\":{\"@id\":\"https:\/\/alienskaab.com\/#organization\"},\"potentialAction\":[{\"@type\":\"SearchAction\",\"target\":{\"@type\":\"EntryPoint\",\"urlTemplate\":\"https:\/\/alienskaab.com\/?s={search_term_string}\"},\"query-input\":{\"@type\":\"PropertyValueSpecification\",\"valueRequired\":true,\"valueName\":\"search_term_string\"}}],\"inLanguage\":\"es\"},{\"@type\":\"Organization\",\"@id\":\"https:\/\/alienskaab.com\/#organization\",\"name\":\"Hidromiel Aliens Kaab\",\"url\":\"https:\/\/alienskaab.com\/\",\"logo\":{\"@type\":\"ImageObject\",\"inLanguage\":\"es\",\"@id\":\"https:\/\/alienskaab.com\/#\/schema\/logo\/image\/\",\"url\":\"https:\/\/alienskaab.com\/wp-content\/uploads\/2023\/01\/Hidromiel-Aliens-Kaab.png\",\"contentUrl\":\"https:\/\/alienskaab.com\/wp-content\/uploads\/2023\/01\/Hidromiel-Aliens-Kaab.png\",\"width\":561,\"height\":752,\"caption\":\"Hidromiel Aliens Kaab\"},\"image\":{\"@id\":\"https:\/\/alienskaab.com\/#\/schema\/logo\/image\/\"},\"sameAs\":[\"https:\/\/www.facebook.com\/AliensKaab\",\"https:\/\/instagram.com\/alienskaab\"]}]}<\/script>\n<!-- \/ Yoast SEO plugin. -->","yoast_head_json":{"title":"CONTACTO - Hidromiel Aliens Kaab","robots":{"index":"index","follow":"follow","max-snippet":"max-snippet:-1","max-image-preview":"max-image-preview:large","max-video-preview":"max-video-preview:-1"},"canonical":"https:\/\/alienskaab.com\/index.php\/contacto-ak\/","og_locale":"es_ES","og_type":"article","og_title":"CONTACTO - Hidromiel Aliens Kaab","og_description":"CONT\u00c1CTATE CON NOSOTROS Nos encanta estar en contacto con seres de otras galaxias \ud83d\udc7d Ya sea que quieras hacernos una pregunta, compartir una historia interplanetaria o simplemente saludarnos, no dudes en escribirnos. Esta p\u00e1gina tambi\u00e9n es tuya, y sin ti esta misi\u00f3n no tendr\u00eda sentido. Si tienes dudas sobre nuestros productos, el proceso, o quieres [&hellip;]","og_url":"https:\/\/alienskaab.com\/index.php\/contacto-ak\/","og_site_name":"Hidromiel Aliens Kaab","article_publisher":"https:\/\/www.facebook.com\/AliensKaab","article_modified_time":"2025-05-08T21:53:37+00:00","twitter_card":"summary_large_image","twitter_misc":{"Tiempo de lectura":"1 minuto"},"schema":{"@context":"https:\/\/schema.org","@graph":[{"@type":"WebPage","@id":"https:\/\/alienskaab.com\/index.php\/contacto-ak\/","url":"https:\/\/alienskaab.com\/index.php\/contacto-ak\/","name":"CONTACTO - Hidromiel Aliens Kaab","isPartOf":{"@id":"https:\/\/alienskaab.com\/#website"},"datePublished":"2025-03-05T20:27:19+00:00","dateModified":"2025-05-08T21:53:37+00:00","breadcrumb":{"@id":"https:\/\/alienskaab.com\/index.php\/contacto-ak\/#breadcrumb"},"inLanguage":"es","potentialAction":[{"@type":"ReadAction","target":["https:\/\/alienskaab.com\/index.php\/contacto-ak\/"]}]},{"@type":"BreadcrumbList","@id":"https:\/\/alienskaab.com\/index.php\/contacto-ak\/#breadcrumb","itemListElement":[{"@type":"ListItem","position":1,"name":"Portada","item":"https:\/\/alienskaab.com\/"},{"@type":"ListItem","position":2,"name":"CONTACTO"}]},{"@type":"WebSite","@id":"https:\/\/alienskaab.com\/#website","url":"https:\/\/alienskaab.com\/","name":"Hidromiel Aliens Kaab","description":"Hidromiel Artesanal mexicana","publisher":{"@id":"https:\/\/alienskaab.com\/#organization"},"potentialAction":[{"@type":"SearchAction","target":{"@type":"EntryPoint","urlTemplate":"https:\/\/alienskaab.com\/?s={search_term_string}"},"query-input":{"@type":"PropertyValueSpecification","valueRequired":true,"valueName":"search_term_string"}}],"inLanguage":"es"},{"@type":"Organization","@id":"https:\/\/alienskaab.com\/#organization","name":"Hidromiel Aliens Kaab","url":"https:\/\/alienskaab.com\/","logo":{"@type":"ImageObject","inLanguage":"es","@id":"https:\/\/alienskaab.com\/#\/schema\/logo\/image\/","url":"https:\/\/alienskaab.com\/wp-content\/uploads\/2023\/01\/Hidromiel-Aliens-Kaab.png","contentUrl":"https:\/\/alienskaab.com\/wp-content\/uploads\/2023\/01\/Hidromiel-Aliens-Kaab.png","width":561,"height":752,"caption":"Hidromiel Aliens Kaab"},"image":{"@id":"https:\/\/alienskaab.com\/#\/schema\/logo\/image\/"},"sameAs":["https:\/\/www.facebook.com\/AliensKaab","https:\/\/instagram.com\/alienskaab"]}]}},"_links":{"self":[{"href":"https:\/\/alienskaab.com\/index.php\/wp-json\/wp\/v2\/pages\/1640","targetHints":{"allow":["GET"]}}],"collection":[{"href":"https:\/\/alienskaab.com\/index.php\/wp-json\/wp\/v2\/pages"}],"about":[{"href":"https:\/\/alienskaab.com\/index.php\/wp-json\/wp\/v2\/types\/page"}],"author":[{"embeddable":true,"href":"https:\/\/alienskaab.com\/index.php\/wp-json\/wp\/v2\/users\/1"}],"replies":[{"embeddable":true,"href":"https:\/\/alienskaab.com\/index.php\/wp-json\/wp\/v2\/comments?post=1640"}],"version-history":[{"count":38,"href":"https:\/\/alienskaab.com\/index.php\/wp-json\/wp\/v2\/pages\/1640\/revisions"}],"predecessor-version":[{"id":2605,"href":"https:\/\/alienskaab.com\/index.php\/wp-json\/wp\/v2\/pages\/1640\/revisions\/2605"}],"wp:attachment":[{"href":"https:\/\/alienskaab.com\/index.php\/wp-json\/wp\/v2\/media?parent=1640"}],"curies":[{"name":"wp","href":"https:\/\/api.w.org\/{rel}","templated":true}]}}